{"id":683,"date":"2018-03-07T16:46:27","date_gmt":"2018-03-07T16:46:27","guid":{"rendered":"https:\/\/www.inthewoods.at\/?page_id=683"},"modified":"2019-08-16T14:10:21","modified_gmt":"2019-08-16T14:10:21","slug":"wow","status":"publish","type":"page","link":"https:\/\/www.inthewoods.at\/index.php\/wow\/","title":{"rendered":"wow at"},"content":{"rendered":"<div id=\"pl-683\"  class=\"panel-layout\" ><div id=\"pg-683-0\"  class=\"panel-grid panel-has-style\" ><div class=\"panel-row-style panel-row-style-for-683-0\" ><div id=\"pgc-683-0-0\"  class=\"panel-grid-cell\" ><div id=\"panel-683-0-0-0\" class=\"so-panel widget widget_foogallery_widget foogallery_widget panel-first-child panel-last-child\" data-index=\"0\" >The gallery was not found!<\/div><\/div><div id=\"pgc-683-0-1\"  class=\"panel-grid-cell\" ><div id=\"panel-683-0-1-0\" class=\"so-panel widget widget_sow-editor panel-first-child panel-last-child\" data-index=\"1\" ><div\n\t\t\t\n\t\t\tclass=\"so-widget-sow-editor so-widget-sow-editor-base\"\n\t\t\t\n\t\t>\n<div class=\"siteorigin-widget-tinymce textwidget\">\n\t<h1><strong>Baumhausprojekt<\/strong><\/h1>\n<p><a href=\"http:\/\/baumhausblog.com\/2018\/02\/13\/auf-dem-baum-mit-hayo-lisa-intthewoods\/\" target=\"_blank\" rel=\"noopener\">Interview von \"baumhausblog\"<\/a><\/p>\n<p>Design &amp; Umsetzung: Hayo<br \/>\ngebaut: 2017\/18<br \/>\nH\u00f6he: 8m<br \/>\nGr\u00f6\u00dfe: 3 x 3m<br \/>\nBaustoff: B\u00e4ume aus dem umliegenden Wald<br \/>\nDanke allen HelferInnen: Neffe Twan, Pappa Jan, Lisa<br \/>\n&amp; Maaike f\u00fcr das Fotobuch \u00fcber die Entstehung (liegt in the woods auf)<\/p>\n<\/div>\n<\/div><\/div><\/div><\/div><\/div><\/div>","protected":false},"excerpt":{"rendered":"<p>Baumhausprojekt Interview von &#8220;baumhausblog&#8221; Design &amp; Umsetzung: Hayo gebaut: 2017\/18 H\u00f6he: 8m Gr\u00f6\u00dfe: 3 x 3m Baustoff: B\u00e4ume aus dem umliegenden Wald Danke allen HelferInnen: Neffe Twan, Pappa Jan, Lisa &amp; Maaike f\u00fcr das Fotobuch \u00fcber die Entstehung (liegt in the woods auf)<\/p>\n","protected":false},"author":2,"featured_media":0,"parent":0,"menu_order":0,"comment_status":"closed","ping_status":"closed","template":"","meta":{"_mc_calendar":[],"footnotes":""},"class_list":["post-683","page","type-page","status-publish","hentry","post"],"_links":{"self":[{"href":"https:\/\/www.inthewoods.at\/index.php\/wp-json\/wp\/v2\/pages\/683","targetHints":{"allow":["GET"]}}],"collection":[{"href":"https:\/\/www.inthewoods.at\/index.php\/wp-json\/wp\/v2\/pages"}],"about":[{"href":"https:\/\/www.inthewoods.at\/index.php\/wp-json\/wp\/v2\/types\/page"}],"author":[{"embeddable":true,"href":"https:\/\/www.inthewoods.at\/index.php\/wp-json\/wp\/v2\/users\/2"}],"replies":[{"embeddable":true,"href":"https:\/\/www.inthewoods.at\/index.php\/wp-json\/wp\/v2\/comments?post=683"}],"version-history":[{"count":86,"href":"https:\/\/www.inthewoods.at\/index.php\/wp-json\/wp\/v2\/pages\/683\/revisions"}],"predecessor-version":[{"id":3588,"href":"https:\/\/www.inthewoods.at\/index.php\/wp-json\/wp\/v2\/pages\/683\/revisions\/3588"}],"wp:attachment":[{"href":"https:\/\/www.inthewoods.at\/index.php\/wp-json\/wp\/v2\/media?parent=683"}],"curies":[{"name":"wp","href":"https:\/\/api.w.org\/{rel}","templated":true}]}}