{"id":449,"date":"2018-03-02T17:31:38","date_gmt":"2018-03-02T17:31:38","guid":{"rendered":"https:\/\/www.inthewoods.at\/?page_id=449"},"modified":"2026-01-17T08:52:18","modified_gmt":"2026-01-17T08:52:18","slug":"stam-design","status":"publish","type":"page","link":"https:\/\/www.inthewoods.at\/index.php\/stam-design\/","title":{"rendered":"Hayo Stam DE"},"content":{"rendered":"<div id=\"pl-449\"  class=\"panel-layout\" ><div id=\"pg-449-0\"  class=\"panel-grid panel-no-style\" ><div id=\"pgc-449-0-0\"  class=\"panel-grid-cell\" ><div id=\"panel-449-0-0-0\" class=\"so-panel widget widget_foogallery_widget foogallery_widget panel-first-child panel-last-child\" data-index=\"0\" ><div class=\"panel-widget-style panel-widget-style-for-449-0-0-0\" >The gallery was not found!<\/div><\/div><\/div><div id=\"pgc-449-0-1\"  class=\"panel-grid-cell\" ><div id=\"panel-449-0-1-0\" class=\"so-panel widget widget_sow-editor panel-first-child panel-last-child\" data-index=\"1\" ><div\n\t\t\t\n\t\t\tclass=\"so-widget-sow-editor so-widget-sow-editor-base\"\n\t\t\t\n\t\t>\n<div class=\"siteorigin-widget-tinymce textwidget\">\n\t<h1><strong>Hayo Stam<\/strong><\/h1>\n<blockquote>\n<p><em>7 April 1972<br \/>\nMaschinenbauingenieur<br \/>\nHost in the woods<\/em><\/p>\n<\/blockquote>\n<p><span style=\"text-decoration: underline;\"><a href=\"https:\/\/www.inthewoods.at\/wp-content\/uploads\/2019\/10\/Lebenslauf-inklusive-Anhang-2019-10-04.pdf\">Ein link zu mein Lebenslauf inklusive meine Projekten als Maschinenbau Ingenieur<\/a><\/span><\/p>\n<p>Ich bin ein motivierter freiberuflicher Maschinenbauingenieur mit \u00fcber 15 Jahren Erfahrung in der Umsetzung von Ideen in herstellbare Produkte mit einem besonderen Antrieb f\u00fcr Einfachheit und Effizienz im Design. Mein Fokus liegt auf der Entwicklung und \/ oder Verbesserung von Produkten, die zu einer besseren Welt beitragen. Ich habe derzeit Platz f\u00fcr neue Aufgaben. Mit der professionellen 3D-Software ProE Wildfire \/ Creo erst mache ich ein 3D-Modell, das bis ins kleinste Detail ausgearbeitet wurde, dann mache ich eine Zeichnung pro Teil, um es f\u00fcr die Produktion vorzubereiten.<\/p>\n<hr \/>\n<h1><strong>Schulung<\/strong><\/h1>\n<p>Seit meiner Kindheit habe ich meinem Vater bei all seinen Gelegenheitsjobs rund ums Haus geholfen. Er hat mir beigebracht, wie man Holz verarbeitet, elektrische Installationen macht, Wasserversorgungs- und Entw\u00e4sserungssysteme installiert und Dinge mit kreativen L\u00f6sungen repariert.<\/p>\n<p>Ich begann mit der LTS (Low Technical School) als Automechaniker zu lernen.<\/p>\n<p>W\u00e4hrend meiner Arbeit als Kfz-Mechaniker habe ich meine Diplome f\u00fcr den zweiten und ersten Kfz-Mechaniker sowie ein Berufs- und Mittelklassediplom erhalten.<\/p>\n<p>Dann ging ich zur HTS (High Technical School) f\u00fcr Fahrzeugtechnik, wo ich auch ein Diplom bekam.<\/p>\n<p>Und dann habe ich alle m\u00f6glichen Kurse und Workshops besucht: Shiatsu-Massage, Delegiertenprogramm mit <span style=\"text-decoration: underline;\"><a href=\"https:\/\/resonancescience.org\/\" target=\"_blank\" rel=\"noopener\">Nassim Haramein<\/a><\/span>, Blockhausbau mit <a href=\"https:\/\/www.spiritofnature.at\/blockbaukurse\" target=\"_blank\" rel=\"noopener\"><span style=\"text-decoration: underline;\">Roland Mayer<\/span><\/a>, Permakultur mit <a href=\"https:\/\/www.seppholzer.at\" target=\"_blank\" rel=\"noopener\"><span style=\"text-decoration: underline;\">Sepp<\/span> Holzer<\/a> und dann habe ich wahrscheinlich noch etwas vergessen.<\/p>\n<hr \/>\n<h1><strong>Berufserfahrung<\/strong><\/h1>\n<p>Ich habe zehn Jahre als Kfz-Mechaniker in verschiedenen Werkst\u00e4tten gearbeitet. Ich habe viel \u00fcber die Technik gelernt und viel praktische Erfahrung gesammelt.<\/p>\n<p>Nach Abschluss der HTS war ich anderthalb Jahre als Maschinenbauingenieur im Maschinen- und Anlagenbau f\u00fcr <span style=\"text-decoration: underline;\"><a href=\"https:\/\/www.ratex.nl\/\" target=\"_blank\" rel=\"noopener\">Ratex<\/a><\/span> t\u00e4tig.<\/p>\n<p>Sieben Jahre lang arbeitete ich als 'Maschinenbauingenieur' f\u00fcr eine bezahlte Besch\u00e4ftigung bei FCS (Fokker Control Systems), die 2006 von <span style=\"text-decoration: underline;\"><a href=\"http:\/\/www.moog.com\/markets\/aircraft\/aerospace-simulation-test\/flight-simulation\/\" target=\"_blank\" rel=\"noopener\">Moog<\/a><\/span> \u00fcbernommen wurde. Hier war ich an der Entwicklung von Flugzeug-, Hubschrauber- und Autosimulatoren beteiligt.<\/p>\n<p>Seit 2012 bin ich unter anderem als Maschinenbauingenieur bis Ende 2017 selbst\u00e4ndig, haupts\u00e4chlich im Auftrag meines ehemaligen Arbeitgebers <span style=\"text-decoration: underline;\"><a href=\"http:\/\/www.moog.com\/markets\/aircraft\/aerospace-simulation-test\/flight-simulation\/\" target=\"_blank\" rel=\"noopener\">Moog<\/a><\/span>. 2017 habe ich beschlossen, meine Zeit nur in Produkte zu investieren, die meiner Meinung nach zu einer besseren Welt beitragen.<\/p>\n<p>Bei der Firma <span style=\"text-decoration: underline;\"><a href=\"https:\/\/www.quinteqenergy.com\/technology\/\" target=\"_blank\" rel=\"noopener\">Quinteq<\/a><\/span> habe ich an einem mechanischen Energiespeicher gearbeitet. Beispielsweise ist es m\u00f6glich, elektrische Energie in Form von kinetischer Energie zwischenzuspeichern, um sie anschlie\u00dfend wieder als elektrische Energie nutzen zu k\u00f6nnen. Die Sonne nicht immer sichtbar und der Wind ist auch nicht sehr konstant.<\/p>\n<p>Ich half auch Erik Lavigne von <span style=\"text-decoration: underline;\"><a href=\"http:\/\/www.clean-water.dk\/side1393.html\" target=\"_blank\" rel=\"noopener\">Clean Water<\/a><\/span> bei der Entwicklung eines neuen Wasserverbesserungsger\u00e4ts \"Living Water Vortex Jug\". Nach den Theorien von Viktor Schauberger baute Erik vor 20 Jahren einen Wasserkrug um, um Wasser zu vitalisieren, von dem mehr als 30.000 verkauft wurden. Das neue Modell bietet mehr M\u00f6glichkeiten und sieht auch moderner aus (sch\u00f6ner).<\/p>\n<hr \/>\n<h1><strong>Design-Software<\/strong><\/h1>\n<p>W\u00e4hrend meines Praktikums auf der HTS habe ich sechs Monate mit der 3D-Software 'Ideas' gearbeitet.<\/p>\n<p>Bei <span style=\"text-decoration: underline;\"><a href=\"https:\/\/www.ratex.nl\/\" target=\"_blank\" rel=\"noopener\">Ratex<\/a><\/span> habe ich mit den 3D \/ 2D-Programmen Inventor und ProE und f\u00fcr die 2D-Zeichnungen mit Autocad gearbeitet.<\/p>\n<p>Bei FCS \/ <span style=\"text-decoration: underline;\"><a href=\"http:\/\/www.moog.com\/markets\/aircraft\/aerospace-simulation-test\/flight-simulation\/\" target=\"_blank\" rel=\"noopener\">Moog<\/a><\/span> habe ich viel Erfahrung mit ProE Wildfire.<\/p>\n<p>Als selbst\u00e4ndiger Unternehmer arbeite ich mit ProE Wildfire und Creo.<\/p>\n<hr \/>\n<h1><strong>Andere Software<\/strong><\/h1>\n<p>Microsoft Office: Excel, Powerpoint und Word<\/p>\n<p>&nbsp;<\/p>\n<\/div>\n<\/div><\/div><\/div><\/div><\/div>","protected":false},"excerpt":{"rendered":"<p>Hayo Stam 7 April 1972 Maschinenbauingenieur Host in the woods Ein link zu mein Lebenslauf inklusive meine Projekten als Maschinenbau Ingenieur Ich bin ein motivierter freiberuflicher Maschinenbauingenieur mit \u00fcber 15 Jahren Erfahrung in der Umsetzung von Ideen in herstellbare Produkte mit einem besonderen Antrieb f\u00fcr Einfachheit und Effizienz im Design. Mein Fokus liegt auf der [&hellip;]<\/p>\n","protected":false},"author":2,"featured_media":0,"parent":0,"menu_order":0,"comment_status":"closed","ping_status":"closed","template":"","meta":{"_mc_calendar":[],"footnotes":""},"class_list":["post-449","page","type-page","status-publish","hentry","post"],"_links":{"self":[{"href":"https:\/\/www.inthewoods.at\/index.php\/wp-json\/wp\/v2\/pages\/449","targetHints":{"allow":["GET"]}}],"collection":[{"href":"https:\/\/www.inthewoods.at\/index.php\/wp-json\/wp\/v2\/pages"}],"about":[{"href":"https:\/\/www.inthewoods.at\/index.php\/wp-json\/wp\/v2\/types\/page"}],"author":[{"embeddable":true,"href":"https:\/\/www.inthewoods.at\/index.php\/wp-json\/wp\/v2\/users\/2"}],"replies":[{"embeddable":true,"href":"https:\/\/www.inthewoods.at\/index.php\/wp-json\/wp\/v2\/comments?post=449"}],"version-history":[{"count":48,"href":"https:\/\/www.inthewoods.at\/index.php\/wp-json\/wp\/v2\/pages\/449\/revisions"}],"predecessor-version":[{"id":6870,"href":"https:\/\/www.inthewoods.at\/index.php\/wp-json\/wp\/v2\/pages\/449\/revisions\/6870"}],"wp:attachment":[{"href":"https:\/\/www.inthewoods.at\/index.php\/wp-json\/wp\/v2\/media?parent=449"}],"curies":[{"name":"wp","href":"https:\/\/api.w.org\/{rel}","templated":true}]}}