{"id":3707,"date":"2019-10-05T12:07:29","date_gmt":"2019-10-05T12:07:29","guid":{"rendered":"https:\/\/www.inthewoods.at\/?page_id=3707"},"modified":"2026-01-17T08:48:51","modified_gmt":"2026-01-17T08:48:51","slug":"didgeridoo-retreat","status":"publish","type":"page","link":"https:\/\/www.inthewoods.at\/index.php\/didgeridoo-retreat\/","title":{"rendered":"Didgeridoo Retreat DE"},"content":{"rendered":"<div id=\"pl-3707\"  class=\"panel-layout\"><div id=\"pg-3707-0\"  class=\"panel-grid panel-no-style\"><div id=\"pgc-3707-0-0\"  class=\"panel-grid-cell\"><div id=\"panel-3707-0-0-0\" class=\"so-panel widget widget_foogallery_widget foogallery_widget panel-first-child panel-last-child\" data-index=\"0\"><div class=\"panel-widget-style panel-widget-style-for-3707-0-0-0\"><style type=\"text\/css\">\n#foogallery-gallery-6342 .fg-image { width: 340px; }\n#foogallery-gallery-6342 { --fg-gutter: 10px; }<\/style>\n\t\t\t<div class=\"foogallery foogallery-container foogallery-default foogallery-lightbox-foobox fg-center fg-default fg-ready fg-light fg-round-large fg-shadow-small fg-loading-pulse fg-loaded-fade-in fg-caption-hover fg-hover-fade fg-hover-eye\" id=\"foogallery-gallery-6342\" data-foogallery=\"{&quot;item&quot;:{&quot;showCaptionTitle&quot;:false,&quot;showCaptionDescription&quot;:false},&quot;lazy&quot;:true}\" style=\"--fg-title-line-clamp: 0; --fg-description-line-clamp: 0;\">\n\t<div class=\"fg-item fg-type-image fg-idle\"><figure class=\"fg-item-inner\"><a href=\"https:\/\/www.inthewoods.at\/wp-content\/uploads\/2024\/04\/Dide-Mama-concert.jpg\" data-attachment-id=\"6347\" data-type=\"image\" class=\"fg-thumb\"><span class=\"fg-image-wrap\"><img fetchpriority=\"high\" decoding=\"async\" width=\"340\" height=\"255\" class=\"skip-lazy fg-image\" data-src-fg=\"https:\/\/www.inthewoods.at\/wp-content\/uploads\/cache\/2024\/04\/Dide-Mama-concert\/4034358990.jpg\" src=\"data:image\/svg+xml,%3Csvg%20xmlns%3D%22http%3A%2F%2Fwww.w3.org%2F2000%2Fsvg%22%20width%3D%22340%22%20height%3D%22255%22%20viewBox%3D%220%200%20340%20255%22%3E%3C%2Fsvg%3E\" loading=\"eager\"\/><\/span><span class=\"fg-image-overlay\"><\/span><\/a><\/figure><div class=\"fg-loader\"><\/div><\/div><div class=\"fg-item fg-type-image fg-idle\"><figure class=\"fg-item-inner\"><a href=\"https:\/\/www.inthewoods.at\/wp-content\/uploads\/2018\/03\/Grundstu\u0308ck-Drohne-1.jpg\" data-attachment-id=\"6058\" data-type=\"image\" class=\"fg-thumb\"><span class=\"fg-image-wrap\"><img decoding=\"async\" width=\"340\" height=\"255\" class=\"skip-lazy fg-image\" data-src-fg=\"https:\/\/www.inthewoods.at\/wp-content\/uploads\/cache\/2018\/03\/Grundstu\u0308ck-Drohne-1\/517899272.jpg\" src=\"data:image\/svg+xml,%3Csvg%20xmlns%3D%22http%3A%2F%2Fwww.w3.org%2F2000%2Fsvg%22%20width%3D%22340%22%20height%3D%22255%22%20viewBox%3D%220%200%20340%20255%22%3E%3C%2Fsvg%3E\" loading=\"eager\"\/><\/span><span class=\"fg-image-overlay\"><\/span><\/a><\/figure><div class=\"fg-loader\"><\/div><\/div><div class=\"fg-item fg-type-image fg-idle\"><figure class=\"fg-item-inner\"><a href=\"https:\/\/www.inthewoods.at\/wp-content\/uploads\/2019\/10\/lagerfeuer-tanzen.jpg\" data-attachment-id=\"6004\" data-type=\"image\" class=\"fg-thumb\"><span class=\"fg-image-wrap\"><img decoding=\"async\" width=\"340\" height=\"255\" class=\"skip-lazy fg-image\" data-src-fg=\"https:\/\/www.inthewoods.at\/wp-content\/uploads\/cache\/2019\/10\/lagerfeuer-tanzen\/1288712855.jpg\" src=\"data:image\/svg+xml,%3Csvg%20xmlns%3D%22http%3A%2F%2Fwww.w3.org%2F2000%2Fsvg%22%20width%3D%22340%22%20height%3D%22255%22%20viewBox%3D%220%200%20340%20255%22%3E%3C%2Fsvg%3E\" loading=\"eager\"\/><\/span><span class=\"fg-image-overlay\"><\/span><\/a><\/figure><div class=\"fg-loader\"><\/div><\/div><div class=\"fg-item fg-type-image fg-idle\"><figure class=\"fg-item-inner\"><a href=\"https:\/\/www.inthewoods.at\/wp-content\/uploads\/2019\/10\/Singen.jpg\" data-attachment-id=\"3939\" data-type=\"image\" class=\"fg-thumb\"><span class=\"fg-image-wrap\"><img decoding=\"async\" width=\"340\" height=\"255\" class=\"skip-lazy fg-image\" data-src-fg=\"https:\/\/www.inthewoods.at\/wp-content\/uploads\/cache\/2019\/10\/Singen\/1982349853.jpg\" src=\"data:image\/svg+xml,%3Csvg%20xmlns%3D%22http%3A%2F%2Fwww.w3.org%2F2000%2Fsvg%22%20width%3D%22340%22%20height%3D%22255%22%20viewBox%3D%220%200%20340%20255%22%3E%3C%2Fsvg%3E\" loading=\"eager\"\/><\/span><span class=\"fg-image-overlay\"><\/span><\/a><\/figure><div class=\"fg-loader\"><\/div><\/div><\/div>\n<\/div><\/div><\/div><div id=\"pgc-3707-0-1\"  class=\"panel-grid-cell\"><div id=\"panel-3707-0-1-0\" class=\"so-panel widget widget_sow-editor panel-first-child panel-last-child\" data-index=\"1\"><div class=\"panel-widget-style panel-widget-style-for-3707-0-1-0\"><div\n\t\t\t\n\t\t\tclass=\"so-widget-sow-editor so-widget-sow-editor-base\">\n<div class=\"siteorigin-widget-tinymce textwidget\">\n\t<h1><strong>Didgeridoo Retreat <\/strong><strong>\u2013 <\/strong><strong>26. Juni \u2013 30. Juni 2024<\/strong><\/h1>\n<div id=\"cc-m-9948490450\" class=\"j-module n j-header \">\n<ul>\n<li>\n<h6>Tauchen Sie ein in die bezaubernde Welt des Didgeridoos bei unserem exklusiven 5-t\u00e4gigen Retreat, wo jeder Moment darauf ausgelegt ist, Ihre Sinne zu erfreuen und Ihre Seele zu n\u00e4hren.<\/h6>\n<\/li>\n<li class=\"x11i5rnm xat24cr x1mh8g0r x1vvkbs xtlvy1s\">\n<h6>Begeben Sie sich auf eine faszinierende Reise des Didgeridoo-Meisterkurses unter der Anleitung der renommierten Didge Mama selbst. Entdecken Sie den rhythmischen Herzschlag dieses uralten Instruments, w\u00e4hrend Sie seine Geheimnisse entschl\u00fcsseln. (Weitere Informationen unter <strong><a class=\"x1i10hfl xjbqb8w x1ejq31n xd10rxx x1sy0etr x17r0tee x972fbf xcfux6l x1qhh985 xm0m39n x9f619 x1ypdohk xt0psk2 xe8uvvx xdj266r x11i5rnm xat24cr x1mh8g0r xexx8yu x4uap5 x18d9i69 xkhd6sd x16tdsg8 x1hl2dhg xggy1nq x1a2a7pz xt0b8zv x1fey0fg\" tabindex=\"0\" role=\"link\" href=\"https:\/\/didgemama.com\/\" target=\"_blank\" rel=\"nofollow noopener noreferrer\">www.didgemama.com<\/a><\/strong>)<\/h6>\n<\/li>\n<li class=\"x11i5rnm xat24cr x1mh8g0r x1vvkbs xtlvy1s\">\n<h6>G\u00f6nnen Sie sich ein k\u00f6stliches kulinarisches Erlebnis, das von unserem talentierten Veganen Koch zusammengestellt wurde und Ihre Geschmacksknospen mit einer Symphonie von Aromen verw\u00f6hnt, die die F\u00fclle der Natur feiern.<\/h6>\n<\/li>\n<li class=\"x11i5rnm xat24cr x1mh8g0r x1vvkbs xtlvy1s\">\n<h6>Gleiten Sie in einen ruhigen Schlaf mitten in der umarmenden Umarmung der \u00f6sterreichischen Berge, eingebettet in gem\u00fctliche Unterk\u00fcnfte, umgeben von fl\u00fcsternden W\u00e4ldern. (Erkunden Sie mehr auf hier auf unsere Website)<\/h6>\n<\/li>\n<li class=\"x11i5rnm xat24cr x1mh8g0r x1vvkbs xtlvy1s\">\n<h6>Verj\u00fcngen Sie K\u00f6rper und Geist mit beruhigenden Sauna Sitzungen, die den Stress des Alltagslebens abbauen und Sie erfrischt und belebt zur\u00fccklassen.<\/h6>\n<\/li>\n<li class=\"x11i5rnm xat24cr x1mh8g0r x1vvkbs xtlvy1s\">\n<h6>Genie\u00dfen Sie die Intimit\u00e4t unserer kleinen Gruppen Umgebung, mit maximal 8 Teilnehmern, die pers\u00f6nliche Aufmerksamkeit und reichlich Gelegenheit f\u00fcr Wachstum und Verbindung bieten.<\/h6>\n<\/li>\n<li class=\"x11i5rnm xat24cr x1mh8g0r x1vvkbs xtlvy1s\">\n<h6>Atmen Sie die reine, frische Bergluft ein, beleben Sie Ihre Sinne und revitalisieren Sie Ihr Wesen mit jedem Atemzug.<\/h6>\n<\/li>\n<li class=\"x11i5rnm xat24cr x1mh8g0r x1vvkbs xtlvy1s\">\n<h6>F\u00fcrchten Sie sich nicht, wenn Ihnen ein Didgeridoo fehlt - wir stellen alle notwendigen Instrumente f\u00fcr Ihre Erkundung und Ihr Vergn\u00fcgen zur Verf\u00fcgung.<\/h6>\n<\/li>\n<li class=\"x11i5rnm xat24cr x1mh8g0r x1vvkbs xtlvy1s\">\n<h6>Begleiten Sie uns zu einem transformierenden Retreat, wo Harmonie, Ern\u00e4hrung und Entdeckung an jeder Ecke warten.<\/h6>\n<\/li>\n<li class=\"x11i5rnm xat24cr x1mh8g0r x1vvkbs xtlvy1s\">\n<h6>Unsere Preise: von \u20ac 575,- biss \u20ac1000,-<\/h6>\n<\/li>\n<\/ul>\n<\/div>\n<p><\/p><\/div><\/div><\/div><\/div><\/div><\/div><\/div><p><span class=\"screen-reader-text\">\"Didgeridoo Retreat DE\"<\/span><span class=\"more-wrapper\"><a href=\"https:\/\/www.inthewoods.at\/index.php\/didgeridoo-retreat\/\">Continue reading <span class=\"icon-long-arrow-right\"><\/span><\/a><\/span><\/p>","protected":false},"excerpt":{"rendered":"<p>Didgeridoo Retreat \u2013 26. Juni \u2013 30. Juni 2024 Tauchen Sie ein in die bezaubernde Welt des Didgeridoos bei unserem exklusiven 5-t\u00e4gigen Retreat, wo jeder Moment darauf ausgelegt ist, Ihre Sinne zu erfreuen und Ihre Seele zu n\u00e4hren. Begeben Sie sich auf eine faszinierende Reise des Didgeridoo-Meisterkurses unter der Anleitung der renommierten Didge Mama selbst. [&hellip;]<\/p>\n","protected":false},"author":2,"featured_media":0,"parent":0,"menu_order":0,"comment_status":"closed","ping_status":"closed","template":"","meta":{"_mc_calendar":[],"footnotes":""},"class_list":["post-3707","page","type-page","status-publish","hentry","post"],"_links":{"self":[{"href":"https:\/\/www.inthewoods.at\/index.php\/wp-json\/wp\/v2\/pages\/3707","targetHints":{"allow":["GET"]}}],"collection":[{"href":"https:\/\/www.inthewoods.at\/index.php\/wp-json\/wp\/v2\/pages"}],"about":[{"href":"https:\/\/www.inthewoods.at\/index.php\/wp-json\/wp\/v2\/types\/page"}],"author":[{"embeddable":true,"href":"https:\/\/www.inthewoods.at\/index.php\/wp-json\/wp\/v2\/users\/2"}],"replies":[{"embeddable":true,"href":"https:\/\/www.inthewoods.at\/index.php\/wp-json\/wp\/v2\/comments?post=3707"}],"version-history":[{"count":52,"href":"https:\/\/www.inthewoods.at\/index.php\/wp-json\/wp\/v2\/pages\/3707\/revisions"}],"predecessor-version":[{"id":6868,"href":"https:\/\/www.inthewoods.at\/index.php\/wp-json\/wp\/v2\/pages\/3707\/revisions\/6868"}],"wp:attachment":[{"href":"https:\/\/www.inthewoods.at\/index.php\/wp-json\/wp\/v2\/media?parent=3707"}],"curies":[{"name":"wp","href":"https:\/\/api.w.org\/{rel}","templated":true}]}}