{"id":1936,"date":"2018-05-18T19:41:52","date_gmt":"2018-05-18T19:41:52","guid":{"rendered":"https:\/\/www.inthewoods.at\/?page_id=1936"},"modified":"2024-04-12T08:14:25","modified_gmt":"2024-04-12T08:14:25","slug":"privacy-policy","status":"publish","type":"page","link":"https:\/\/www.inthewoods.at\/index.php\/privacy-policy\/","title":{"rendered":"Datenschutzerkl\u00e4rung"},"content":{"rendered":"<div id=\"pl-1936\"  class=\"panel-layout\" ><div id=\"pg-1936-0\"  class=\"panel-grid panel-has-style\" ><div class=\"panel-row-style panel-row-style-for-1936-0\" ><div id=\"pgc-1936-0-0\"  class=\"panel-grid-cell\" ><div id=\"panel-1936-0-0-0\" class=\"so-panel widget widget_foogallery_widget foogallery_widget panel-first-child panel-last-child\" data-index=\"0\" >The gallery was not found!<\/div><\/div><div id=\"pgc-1936-0-1\"  class=\"panel-grid-cell\" ><div id=\"panel-1936-0-1-0\" class=\"so-panel widget widget_sow-editor panel-first-child panel-last-child\" data-index=\"1\" ><div\n\t\t\t\n\t\t\tclass=\"so-widget-sow-editor so-widget-sow-editor-base\"\n\t\t\t\n\t\t>\n<div class=\"siteorigin-widget-tinymce textwidget\">\n\t<h1><strong>Impressum &amp; Datenschutzerkl\u00e4rung<\/strong><\/h1>\n<p>F\u00fcr alle Inhalte auf <a href=\"http:\/\/www.inthewoods.at\">www.inthewoods.at<\/a> verantwortlich:<\/p>\n<p>Dirk Hayo Stam<br \/>\nFinsterau 53<br \/>\nA-4814 Neukirchen<br \/>\n(kein anderer Webmaster)<\/p>\n<p><em>\u00a9 Copyright - Alle Inhalte und Bilder dieser Seite sind soweit nicht anders gekennzeichnet im urheberrechtlichen Besitz von Dirk Hayo Stam<\/em><\/p>\n<p>Dirk Hayo Stam: Fachgruppe Energetik, Wirtschaftskammer O\u00d6<\/p>\n<hr \/>\n<h1><strong>Verschwiegenheitspflicht<\/strong><\/h1>\n<p><span style=\"color: #444444;\">Selbstverst\u00e4ndlich bewahren wir Verschwiegenheit dar\u00fcber, wer, wann, wie oft hier jemand auf besuch ist.<\/span><\/p>\n<p><strong>Dirk Hayo Stam, April 2024<\/strong><\/p>\n<hr \/>\n<h1><strong>Welche personenbezogenen Daten wir sammeln<\/strong><\/h1>\n<h2>Kontaktformulare<\/h2>\n<p><span style=\"color: #444444;\">Wenn Du uns \u00fcber das Kontaktformular kontaktierst, speichern wir weder Deine Adresse noch senden wir Dir unseren Newsletter zu. Wir melden uns nur bez\u00fcglich Deiner Anfrage bei Dir. Wenn Du unseren Newsletter erhalten m\u00f6chtest, mu\u00dft Du das Newsletter-Formular ausf\u00fcllen.<\/span><\/p>\n<h2>Newsletterformular<\/h2>\n<p><span style=\"color: #ff0000;\"><span style=\"color: #444444;\">F\u00fcr Benutzer, die sich \u00fcber das Newsletterformular auf unserer Website registrieren, speichern wir die pers\u00f6nlichen Informationen, die sie uns zur Verf\u00fcgung stellen. Alle Benutzer k\u00f6nnen ihre pers\u00f6nlichen Daten jederzeit einsehen, bearbeiten oder l\u00f6schen.<\/span><\/span><\/p>\n<p><span style=\"color: #ff0000;\"><span style=\"color: #444444;\">Wir arbeiten mit Mail Chimp.<\/span> <span style=\"color: #799c53;\"><a style=\"color: #799c53;\" href=\"https:\/\/mailchimp.com\/legal\/privacy\/\">Hier<\/a><\/span><span style=\"color: #444444;\"> findest Du deren Datenschutzerkl\u00e4rung.\u00a0<\/span><\/span><span style=\"color: #ff0000;\"><span style=\"color: #444444;\">Die Webseite wurde mit WordPress erstellt. WordPress gibt keine pers\u00f6nlichen Daten an Dritte weiter.<\/span><\/span><\/p>\n<h2>Cookies<\/h2>\n<p><span style=\"color: #444444;\">Unsere Website verwendet Cookies. Wenn Benutzer keine Cookies auf ihrem Computer speichern m\u00f6chten, werden sie aufgefordert, die Option in den Systemeinstellungen ihres Browsers zu deaktivieren. Gespeicherte Cookies k\u00f6nnen in den Systemeinstellungen des Browsers gel\u00f6scht werden. Das Deaktivieren von Cookies kann zu Funktionseinschr\u00e4nkungen dieses Online-Angebotes f\u00fchren.<\/span><\/p>\n<h2>Eingebettete Inhalte von anderen Websites<\/h2>\n<p>Beitr\u00e4ge auf dieser Website k\u00f6nnen eingebettete Inhalte beinhalten (z.\u00a0B. Videos, Bilder, Beitr\u00e4ge etc.). Eingebettete Inhalte von anderen Websites verhalten sich exakt so, als ob der Besucher die andere Website besucht h\u00e4tte.<\/p>\n<p>Diese Websites k\u00f6nnen Daten \u00fcber Dich sammeln, Cookies benutzen, zus\u00e4tzliche Tracking-Dienste von Dritten einbetten und Deine Interaktion mit diesem eingebetteten Inhalt aufzeichnen, inklusive Deiner Interaktion mit dem eingebetteten Inhalt, falls Du ein Konto hast und auf dieser Website angemeldet bist.<\/p>\n<h2><span style=\"color: #799c53;\">Kundenrechte zu den gespeicherten Daten<\/span><\/h2>\n<p><span style=\"color: #444444;\">Du kannst verlangen, dass wir pers\u00f6nliche Daten l\u00f6schen, die wir \u00fcber Dich gespeichert haben. Ausgenommen hiervon sind Daten, die wir zu administrativen, rechtlichen oder sicherheitsrelevanten Zwecken speichern m\u00fcssen. Alle Benutzer k\u00f6nnen ihre pers\u00f6nlichen Daten jederzeit einsehen, bearbeiten oder l\u00f6schen.<\/span><\/p>\n<\/div>\n<\/div><\/div><\/div><\/div><\/div><\/div>","protected":false},"excerpt":{"rendered":"<p>Impressum &amp; Datenschutzerkl\u00e4rung F\u00fcr alle Inhalte auf www.inthewoods.at verantwortlich: Dirk Hayo Stam Finsterau 53 A-4814 Neukirchen (kein anderer Webmaster) \u00a9 Copyright &#8211; Alle Inhalte und Bilder dieser Seite sind soweit nicht anders gekennzeichnet im urheberrechtlichen Besitz von Dirk Hayo Stam Dirk Hayo Stam: Fachgruppe Energetik, Wirtschaftskammer O\u00d6 Verschwiegenheitspflicht Selbstverst\u00e4ndlich bewahren wir Verschwiegenheit dar\u00fcber, wer, wann, [&hellip;]<\/p>\n","protected":false},"author":2,"featured_media":0,"parent":0,"menu_order":0,"comment_status":"closed","ping_status":"closed","template":"","meta":{"_mc_calendar":[],"footnotes":""},"class_list":["post-1936","page","type-page","status-publish","hentry","post"],"_links":{"self":[{"href":"https:\/\/www.inthewoods.at\/index.php\/wp-json\/wp\/v2\/pages\/1936","targetHints":{"allow":["GET"]}}],"collection":[{"href":"https:\/\/www.inthewoods.at\/index.php\/wp-json\/wp\/v2\/pages"}],"about":[{"href":"https:\/\/www.inthewoods.at\/index.php\/wp-json\/wp\/v2\/types\/page"}],"author":[{"embeddable":true,"href":"https:\/\/www.inthewoods.at\/index.php\/wp-json\/wp\/v2\/users\/2"}],"replies":[{"embeddable":true,"href":"https:\/\/www.inthewoods.at\/index.php\/wp-json\/wp\/v2\/comments?post=1936"}],"version-history":[{"count":20,"href":"https:\/\/www.inthewoods.at\/index.php\/wp-json\/wp\/v2\/pages\/1936\/revisions"}],"predecessor-version":[{"id":6366,"href":"https:\/\/www.inthewoods.at\/index.php\/wp-json\/wp\/v2\/pages\/1936\/revisions\/6366"}],"wp:attachment":[{"href":"https:\/\/www.inthewoods.at\/index.php\/wp-json\/wp\/v2\/media?parent=1936"}],"curies":[{"name":"wp","href":"https:\/\/api.w.org\/{rel}","templated":true}]}}